{"id":14,"date":"2025-10-17T02:20:54","date_gmt":"2025-10-17T00:20:54","guid":{"rendered":"https:\/\/darts.adwebmaquette2.fr\/?page_id=14"},"modified":"2025-12-23T09:59:02","modified_gmt":"2025-12-23T08:59:02","slug":"actualites","status":"publish","type":"page","link":"https:\/\/phoenixfrancecompetition.fr\/poitiers\/actualites\/","title":{"rendered":"Actualit\u00e9s"},"content":{"rendered":"\t\t<div data-elementor-type=\"wp-page\" data-elementor-id=\"14\" class=\"elementor elementor-14\">\n\t\t\t\t<div class=\"elementor-element elementor-element-5b8598c e-con-full e-flex wpr-particle-no wpr-jarallax-no wpr-parallax-no wpr-sticky-section-no wpr-equal-height-no e-con e-parent\" data-id=\"5b8598c\" data-element_type=\"container\" data-e-type=\"container\" data-settings=\"{&quot;background_background&quot;:&quot;classic&quot;,&quot;shape_divider_bottom&quot;:&quot;triangle&quot;}\">\n\t\t\t\t<div class=\"elementor-shape elementor-shape-bottom\" aria-hidden=\"true\" data-negative=\"false\">\n\t\t\t<svg xmlns=\"http:\/\/www.w3.org\/2000\/svg\" viewBox=\"0 0 1000 100\" preserveAspectRatio=\"none\">\n\t<path class=\"elementor-shape-fill\" d=\"M500,98.9L0,6.1V0h1000v6.1L500,98.9z\"\/>\n<\/svg>\t\t<\/div>\n\t\t\t\t<div class=\"elementor-element elementor-element-acf0a09 elementor-widget elementor-widget-heading\" data-id=\"acf0a09\" data-element_type=\"widget\" data-e-type=\"widget\" data-widget_type=\"heading.default\">\n\t\t\t\t\t<h2 class=\"elementor-heading-title elementor-size-default\">Actualit\u00e9s<\/h2>\t\t\t\t<\/div>\n\t\t<div class=\"elementor-element elementor-element-e03a202 custom-yoast-breadcrumb e-flex e-con-boxed wpr-particle-no wpr-jarallax-no wpr-parallax-no wpr-sticky-section-no wpr-equal-height-no e-con e-child\" data-id=\"e03a202\" data-element_type=\"container\" data-e-type=\"container\">\n\t\t\t\t\t<div class=\"e-con-inner\">\n\t\t\t\t<div class=\"elementor-element elementor-element-7f3e7c6 elementor-widget elementor-widget-shortcode\" data-id=\"7f3e7c6\" data-element_type=\"widget\" data-e-type=\"widget\" data-widget_type=\"shortcode.default\">\n\t\t\t\t\t\t\t<div class=\"elementor-shortcode\"><span><span><a href=\"https:\/\/phoenixfrancecompetition.fr\/poitiers\/\">Accueil<\/a><\/span><\/span><\/div>\n\t\t\t\t\t\t<\/div>\n\t\t\t\t\t<\/div>\n\t\t\t\t<\/div>\n\t\t\t\t<\/div>\n\t\t<div class=\"elementor-element elementor-element-c1dac13 e-flex e-con-boxed wpr-particle-no wpr-jarallax-no wpr-parallax-no wpr-sticky-section-no wpr-equal-height-no e-con e-parent\" data-id=\"c1dac13\" data-element_type=\"container\" data-e-type=\"container\">\n\t\t\t\t\t<div class=\"e-con-inner\">\n\t\t\t\t<div class=\"elementor-element elementor-element-e0c77e0 wpr-grid-columns-3 wpr-grid-columns--tablet2 wpr-grid-columns--mobile1 wpr-grid-pagination-center wpr-item-styles-inner elementor-widget elementor-widget-wpr-grid\" data-id=\"e0c77e0\" data-element_type=\"widget\" data-e-type=\"widget\" data-widget_type=\"wpr-grid.default\">\n\t\t\t\t\t<ul class=\"wpr-grid-filters elementor-clearfix wpr-grid-filters-sep-right\"><li data-role=\"parent\" class=\" wpr-pointer-none wpr-pointer-line-fx wpr-pointer-fx-none\"><span   data-ajax-filter=[\"category\",\"championnats\"]  data-filter=\".category-championnats\">Championnats<\/span><em class=\"wpr-grid-filters-sep\"><\/em><\/li><li class=\" wpr-pointer-none wpr-pointer-line-fx wpr-pointer-fx-none\"><span   data-ajax-filter=[\"category\",\"finales-nationales\"]  data-filter=\".category-finales-nationales\">Finales Nationales<\/span><em class=\"wpr-grid-filters-sep\"><\/em><\/li><li class=\" wpr-pointer-none wpr-pointer-line-fx wpr-pointer-fx-none\"><span   data-ajax-filter=[\"category\",\"non-classe\"]  data-filter=\".category-non-classe\">Non class\u00e9<\/span><em class=\"wpr-grid-filters-sep\"><\/em><\/li><ul data-parent=\".category-championnats\" class=\"wpr-sub-filters\"><li data-role=\"back\" class=\" wpr-pointer-none wpr-pointer-line-fx wpr-pointer-fx-none\"><span class=\"wpr-back-filter\"  data-ajax-filter=[\"category\",\"championnats\"]  data-filter=\".category-championnats\"><i class=\"fas fa-long-arrow-alt-left\"><\/i>&nbsp;&nbsp;Back<\/span><\/li><li data-role=\"sub\" class=\" wpr-pointer-none wpr-pointer-line-fx wpr-pointer-fx-none\"><span   data-ajax-filter=[\"category\",\"doublettes\"]  data-filter=\".category-doublettes\">Doublettes<\/span><em class=\"wpr-grid-filters-sep\"><\/em><\/li><li data-role=\"sub\" class=\" wpr-pointer-none wpr-pointer-line-fx wpr-pointer-fx-none\"><span   data-ajax-filter=[\"category\",\"equipes\"]  data-filter=\".category-equipes\">Equipes<\/span><em class=\"wpr-grid-filters-sep\"><\/em><\/li><\/ul><\/ul><section class=\"wpr-grid elementor-clearfix\" data-settings=\"{&quot;layout&quot;:&quot;fitRows&quot;,&quot;stick_last_element_to_bottom&quot;:&quot;&quot;,&quot;columns_desktop&quot;:3,&quot;gutter_hr&quot;:15,&quot;gutter_hr_mobile&quot;:15,&quot;gutter_hr_mobile_extra&quot;:15,&quot;gutter_hr_tablet&quot;:15,&quot;gutter_hr_tablet_extra&quot;:15,&quot;gutter_hr_laptop&quot;:15,&quot;gutter_hr_widescreen&quot;:15,&quot;gutter_vr&quot;:15,&quot;gutter_vr_mobile&quot;:15,&quot;gutter_vr_mobile_extra&quot;:15,&quot;gutter_vr_tablet&quot;:15,&quot;gutter_vr_tablet_extra&quot;:15,&quot;gutter_vr_laptop&quot;:15,&quot;gutter_vr_widescreen&quot;:15,&quot;animation&quot;:&quot;default&quot;,&quot;animation_duration&quot;:0.3,&quot;animation_delay&quot;:0.1,&quot;deeplinking&quot;:&quot;&quot;,&quot;filters_linkable&quot;:&quot;no&quot;,&quot;filters_default_filter&quot;:&quot;&quot;,&quot;filters_count&quot;:&quot;&quot;,&quot;filters_hide_empty&quot;:&quot;no&quot;,&quot;filters_animation&quot;:&quot;default&quot;,&quot;filters_animation_duration&quot;:0.3,&quot;filters_animation_delay&quot;:0.1,&quot;pagination_type&quot;:&quot;load-more&quot;,&quot;pagination_max_pages&quot;:3,&quot;lightbox&quot;:{&quot;selector&quot;:&quot;.wpr-grid-image-wrap&quot;,&quot;iframeMaxWidth&quot;:&quot;60%&quot;,&quot;hash&quot;:false,&quot;autoplay&quot;:&quot;true&quot;,&quot;pause&quot;:5000,&quot;progressBar&quot;:&quot;true&quot;,&quot;counter&quot;:&quot;true&quot;,&quot;controls&quot;:&quot;true&quot;,&quot;getCaptionFromTitleOrAlt&quot;:&quot;true&quot;,&quot;thumbnail&quot;:&quot;&quot;,&quot;showThumbByDefault&quot;:&quot;&quot;,&quot;share&quot;:&quot;&quot;,&quot;zoom&quot;:&quot;true&quot;,&quot;fullScreen&quot;:&quot;true&quot;,&quot;download&quot;:&quot;true&quot;}}\" data-advanced-filters=\"no\"><article class=\"wpr-grid-item elementor-clearfix post-676 post type-post status-publish format-standard hentry category-non-classe\"><div class=\"wpr-grid-item-inner\"><div class=\"wpr-grid-item-below-content elementor-clearfix\"><h3 class=\"wpr-grid-item-title elementor-repeater-item-e0b6b19 wpr-grid-item-display-block wpr-grid-item-align-left wpr-pointer-none wpr-pointer-line-fx wpr-pointer-fx-fade\"><div class=\"inner-block\"><a target=\"_self\"  href=\"https:\/\/phoenixfrancecompetition.fr\/poitiers\/blog\/liste-des-operateurs-phoenix-france-competition\/\">Liste des op\u00e9rateurs Phoenix France Comp\u00e9tition<\/a><\/div><\/h3><div class=\"wpr-grid-item-read-more elementor-repeater-item-73d9289 wpr-grid-item-display-block wpr-grid-item-align-left\"><div class=\"inner-block\"><a target=\"_self\" href=\"https:\/\/phoenixfrancecompetition.fr\/poitiers\/blog\/liste-des-operateurs-phoenix-france-competition\/\" class=\"wpr-button-effect wpr-button-none\"><span>Lire la suite de l\u2019article<\/span><\/a><\/div><\/div><\/div><\/div><\/article><article class=\"wpr-grid-item elementor-clearfix post-595 post type-post status-publish format-standard hentry category-non-classe\"><div class=\"wpr-grid-item-inner\"><div class=\"wpr-grid-item-below-content elementor-clearfix\"><h3 class=\"wpr-grid-item-title elementor-repeater-item-e0b6b19 wpr-grid-item-display-block wpr-grid-item-align-left wpr-pointer-none wpr-pointer-line-fx wpr-pointer-fx-fade\"><div class=\"inner-block\"><a target=\"_self\"  href=\"https:\/\/phoenixfrancecompetition.fr\/poitiers\/blog\/reglement-coupe-phoenixdarts\/\">R\u00e8glement Coupe PhoenixDarts<\/a><\/div><\/h3><div class=\"wpr-grid-item-excerpt elementor-repeater-item-09120ba wpr-grid-item-display-block wpr-grid-item-align-left\"><div class=\"inner-block\"><p>Tous les points du r\u00e8glement du Championnat par \u00e9quipes s\u2019appliquent aux rencontres de la Coupe de France. \u26a0\ufe0f Les moyennes...<\/p><\/div><\/div><div class=\"wpr-grid-item-read-more elementor-repeater-item-73d9289 wpr-grid-item-display-block wpr-grid-item-align-left\"><div class=\"inner-block\"><a target=\"_self\" href=\"https:\/\/phoenixfrancecompetition.fr\/poitiers\/blog\/reglement-coupe-phoenixdarts\/\" class=\"wpr-button-effect wpr-button-none\"><span>Lire la suite de l\u2019article<\/span><\/a><\/div><\/div><\/div><\/div><\/article><article class=\"wpr-grid-item elementor-clearfix post-580 post type-post status-publish format-standard hentry category-doublettes\"><div class=\"wpr-grid-item-inner\"><div class=\"wpr-grid-item-below-content elementor-clearfix\"><h3 class=\"wpr-grid-item-title elementor-repeater-item-e0b6b19 wpr-grid-item-display-block wpr-grid-item-align-left wpr-pointer-none wpr-pointer-line-fx wpr-pointer-fx-fade\"><div class=\"inner-block\"><a target=\"_self\"  href=\"https:\/\/phoenixfrancecompetition.fr\/poitiers\/blog\/doublettes\/\">Doublettes<\/a><\/div><\/h3><div class=\"wpr-grid-item-excerpt elementor-repeater-item-09120ba wpr-grid-item-display-block wpr-grid-item-align-left\"><div class=\"inner-block\"><p>Calendrier &nbsp;Pour aller sur les calendriers cliquer&nbsp; ici &nbsp; Feuille de match<\/p><\/div><\/div><div class=\"wpr-grid-item-read-more elementor-repeater-item-73d9289 wpr-grid-item-display-block wpr-grid-item-align-left\"><div class=\"inner-block\"><a target=\"_self\" href=\"https:\/\/phoenixfrancecompetition.fr\/poitiers\/blog\/doublettes\/\" class=\"wpr-button-effect wpr-button-none\"><span>Lire la suite de l\u2019article<\/span><\/a><\/div><\/div><\/div><\/div><\/article><\/section><div class=\"wpr-grid-pagination elementor-clearfix wpr-grid-pagination-load-more\" data-pages=\"3\"><a href=\"https:\/\/phoenixfrancecompetition.fr\/poitiers\/wp-json\/wp\/v2\/pages\/14\/page\/2\/\" class=\"wpr-load-more-btn\" data-e-disable-page-transition >Load More<\/a><div class=\"wpr-pagination-loading\"><div class=\"wpr-double-bounce\"><div class=\"wpr-child wpr-double-bounce1\"><\/div><div class=\"wpr-child wpr-double-bounce2\"><\/div><\/div><\/div><p class=\"wpr-pagination-finish\">End of Content.<\/p><\/div>\t\t\t\t<\/div>\n\t\t\t\t\t<\/div>\n\t\t\t\t<\/div>\n\t\t\t\t<\/div>\n\t\t","protected":false},"excerpt":{"rendered":"<p>Actualit\u00e9s Non class\u00e9 R\u00e9sultats championnat Lorem Ipsum\u00a0is simply dummy text of the printing and typesetting industry. Lorem Ipsum has been the industry&rsquo;s standard dummy text&#8230;<\/p>\n","protected":false},"author":1,"featured_media":0,"parent":0,"menu_order":0,"comment_status":"closed","ping_status":"closed","template":"","meta":{"site-sidebar-layout":"no-sidebar","site-content-layout":"","ast-site-content-layout":"full-width-container","site-content-style":"default","site-sidebar-style":"default","ast-global-header-display":"","ast-banner-title-visibility":"","ast-main-header-display":"","ast-hfb-above-header-display":"","ast-hfb-below-header-display":"","ast-hfb-mobile-header-display":"","site-post-title":"","ast-breadcrumbs-content":"","ast-featured-img":"disabled","footer-sml-layout":"","ast-disable-related-posts":"","theme-transparent-header-meta":"","adv-header-id-meta":"","stick-header-meta":"","header-above-stick-meta":"","header-main-stick-meta":"","header-below-stick-meta":"","astra-migrate-meta-layouts":"default","ast-page-background-enabled":"default","ast-page-background-meta":{"desktop":{"background-color":"var(--ast-global-color-5)","background-image":"","background-repeat":"repeat","background-position":"center center","background-size":"auto","background-attachment":"scroll","background-type":"","background-media":"","overlay-type":"","overlay-color":"","overlay-opacity":"","overlay-gradient":""},"tablet":{"background-color":"","background-image":"","background-repeat":"repeat","background-position":"center center","background-size":"auto","background-attachment":"scroll","background-type":"","background-media":"","overlay-type":"","overlay-color":"","overlay-opacity":"","overlay-gradient":""},"mobile":{"background-color":"","background-image":"","background-repeat":"repeat","background-position":"center center","background-size":"auto","background-attachment":"scroll","background-type":"","background-media":"","overlay-type":"","overlay-color":"","overlay-opacity":"","overlay-gradient":""}},"ast-content-background-meta":{"desktop":{"background-color":"var(--ast-global-color-4)","background-image":"","background-repeat":"repeat","background-position":"center center","background-size":"auto","background-attachment":"scroll","background-type":"","background-media":"","overlay-type":"","overlay-color":"","overlay-opacity":"","overlay-gradient":""},"tablet":{"background-color":"var(--ast-global-color-4)","background-image":"","background-repeat":"repeat","background-position":"center center","background-size":"auto","background-attachment":"scroll","background-type":"","background-media":"","overlay-type":"","overlay-color":"","overlay-opacity":"","overlay-gradient":""},"mobile":{"background-color":"var(--ast-global-color-4)","background-image":"","background-repeat":"repeat","background-position":"center center","background-size":"auto","background-attachment":"scroll","background-type":"","background-media":"","overlay-type":"","overlay-color":"","overlay-opacity":"","overlay-gradient":""}},"footnotes":""},"class_list":["post-14","page","type-page","status-publish","hentry"],"yoast_head":"<!-- This site is optimized with the Yoast SEO plugin v27.4 - https:\/\/yoast.com\/product\/yoast-seo-wordpress\/ -->\n<title>Poitiers - Actualit\u00e9s<\/title>\n<meta name=\"robots\" content=\"index, follow, max-snippet:-1, max-image-preview:large, max-video-preview:-1\" \/>\n<link rel=\"canonical\" href=\"https:\/\/phoenixfrancecompetition.fr\/poitiers\/actualites\/\" \/>\n<meta property=\"og:locale\" content=\"fr_FR\" \/>\n<meta property=\"og:type\" content=\"article\" \/>\n<meta property=\"og:title\" content=\"Poitiers - Actualit\u00e9s\" \/>\n<meta property=\"og:description\" content=\"Actualit\u00e9s Non class\u00e9 R\u00e9sultats championnat Lorem Ipsum\u00a0is simply dummy text of the printing and typesetting industry. Lorem Ipsum has been the industry&rsquo;s standard dummy text&#8230;\" \/>\n<meta property=\"og:url\" content=\"https:\/\/phoenixfrancecompetition.fr\/poitiers\/actualites\/\" \/>\n<meta property=\"og:site_name\" content=\"Poitiers\" \/>\n<meta property=\"article:modified_time\" content=\"2025-12-23T08:59:02+00:00\" \/>\n<meta property=\"og:image\" content=\"http:\/\/phoenixfrancecompetition.fr\/poitiers\/wp-content\/uploads\/sites\/25\/2025\/10\/AdobeStock_1280981839_Preview.jpeg\" \/>\n<meta name=\"twitter:card\" content=\"summary_large_image\" \/>\n<script type=\"application\/ld+json\" class=\"yoast-schema-graph\">{\"@context\":\"https:\\\/\\\/schema.org\",\"@graph\":[{\"@type\":\"WebPage\",\"@id\":\"https:\\\/\\\/phoenixfrancecompetition.fr\\\/poitiers\\\/actualites\\\/\",\"url\":\"https:\\\/\\\/phoenixfrancecompetition.fr\\\/poitiers\\\/actualites\\\/\",\"name\":\"Poitiers - Actualit\u00e9s\",\"isPartOf\":{\"@id\":\"https:\\\/\\\/phoenixfrancecompetition.fr\\\/poitiers\\\/#website\"},\"primaryImageOfPage\":{\"@id\":\"https:\\\/\\\/phoenixfrancecompetition.fr\\\/poitiers\\\/actualites\\\/#primaryimage\"},\"image\":{\"@id\":\"https:\\\/\\\/phoenixfrancecompetition.fr\\\/poitiers\\\/actualites\\\/#primaryimage\"},\"thumbnailUrl\":\"http:\\\/\\\/phoenixfrancecompetition.fr\\\/poitiers\\\/wp-content\\\/uploads\\\/sites\\\/25\\\/2025\\\/10\\\/AdobeStock_1280981839_Preview.jpeg\",\"datePublished\":\"2025-10-17T00:20:54+00:00\",\"dateModified\":\"2025-12-23T08:59:02+00:00\",\"breadcrumb\":{\"@id\":\"https:\\\/\\\/phoenixfrancecompetition.fr\\\/poitiers\\\/actualites\\\/#breadcrumb\"},\"inLanguage\":\"fr-FR\",\"potentialAction\":[{\"@type\":\"ReadAction\",\"target\":[\"https:\\\/\\\/phoenixfrancecompetition.fr\\\/poitiers\\\/actualites\\\/\"]}]},{\"@type\":\"ImageObject\",\"inLanguage\":\"fr-FR\",\"@id\":\"https:\\\/\\\/phoenixfrancecompetition.fr\\\/poitiers\\\/actualites\\\/#primaryimage\",\"url\":\"http:\\\/\\\/phoenixfrancecompetition.fr\\\/poitiers\\\/wp-content\\\/uploads\\\/sites\\\/25\\\/2025\\\/10\\\/AdobeStock_1280981839_Preview.jpeg\",\"contentUrl\":\"http:\\\/\\\/phoenixfrancecompetition.fr\\\/poitiers\\\/wp-content\\\/uploads\\\/sites\\\/25\\\/2025\\\/10\\\/AdobeStock_1280981839_Preview.jpeg\"},{\"@type\":\"BreadcrumbList\",\"@id\":\"https:\\\/\\\/phoenixfrancecompetition.fr\\\/poitiers\\\/actualites\\\/#breadcrumb\",\"itemListElement\":[{\"@type\":\"ListItem\",\"position\":1,\"name\":\"Accueil\",\"item\":\"https:\\\/\\\/phoenixfrancecompetition.fr\\\/poitiers\\\/\"},{\"@type\":\"ListItem\",\"position\":2,\"name\":\"Actualit\u00e9s\"}]},{\"@type\":\"WebSite\",\"@id\":\"https:\\\/\\\/phoenixfrancecompetition.fr\\\/poitiers\\\/#website\",\"url\":\"https:\\\/\\\/phoenixfrancecompetition.fr\\\/poitiers\\\/\",\"name\":\"Phoenix France Comp\u00e9tition\",\"description\":\"\",\"publisher\":{\"@id\":\"https:\\\/\\\/phoenixfrancecompetition.fr\\\/poitiers\\\/#organization\"},\"potentialAction\":[{\"@type\":\"SearchAction\",\"target\":{\"@type\":\"EntryPoint\",\"urlTemplate\":\"https:\\\/\\\/phoenixfrancecompetition.fr\\\/poitiers\\\/?s={search_term_string}\"},\"query-input\":{\"@type\":\"PropertyValueSpecification\",\"valueRequired\":true,\"valueName\":\"search_term_string\"}}],\"inLanguage\":\"fr-FR\"},{\"@type\":\"Organization\",\"@id\":\"https:\\\/\\\/phoenixfrancecompetition.fr\\\/poitiers\\\/#organization\",\"name\":\"Phoenix France Comp\u00e9tition\",\"url\":\"https:\\\/\\\/phoenixfrancecompetition.fr\\\/poitiers\\\/\",\"logo\":{\"@type\":\"ImageObject\",\"inLanguage\":\"fr-FR\",\"@id\":\"https:\\\/\\\/phoenixfrancecompetition.fr\\\/poitiers\\\/#\\\/schema\\\/logo\\\/image\\\/\",\"url\":\"https:\\\/\\\/phoenixfrancecompetition.fr\\\/poitiers\\\/wp-content\\\/uploads\\\/sites\\\/25\\\/2025\\\/10\\\/siteon0-d49a9.png\",\"contentUrl\":\"https:\\\/\\\/phoenixfrancecompetition.fr\\\/poitiers\\\/wp-content\\\/uploads\\\/sites\\\/25\\\/2025\\\/10\\\/siteon0-d49a9.png\",\"width\":300,\"height\":48,\"caption\":\"Phoenix France Comp\u00e9tition\"},\"image\":{\"@id\":\"https:\\\/\\\/phoenixfrancecompetition.fr\\\/poitiers\\\/#\\\/schema\\\/logo\\\/image\\\/\"}}]}<\/script>\n<!-- \/ Yoast SEO plugin. -->","yoast_head_json":{"title":"Poitiers - Actualit\u00e9s","robots":{"index":"index","follow":"follow","max-snippet":"max-snippet:-1","max-image-preview":"max-image-preview:large","max-video-preview":"max-video-preview:-1"},"canonical":"https:\/\/phoenixfrancecompetition.fr\/poitiers\/actualites\/","og_locale":"fr_FR","og_type":"article","og_title":"Poitiers - Actualit\u00e9s","og_description":"Actualit\u00e9s Non class\u00e9 R\u00e9sultats championnat Lorem Ipsum\u00a0is simply dummy text of the printing and typesetting industry. Lorem Ipsum has been the industry&rsquo;s standard dummy text&#8230;","og_url":"https:\/\/phoenixfrancecompetition.fr\/poitiers\/actualites\/","og_site_name":"Poitiers","article_modified_time":"2025-12-23T08:59:02+00:00","og_image":[{"url":"http:\/\/phoenixfrancecompetition.fr\/poitiers\/wp-content\/uploads\/sites\/25\/2025\/10\/AdobeStock_1280981839_Preview.jpeg","type":"","width":"","height":""}],"twitter_card":"summary_large_image","schema":{"@context":"https:\/\/schema.org","@graph":[{"@type":"WebPage","@id":"https:\/\/phoenixfrancecompetition.fr\/poitiers\/actualites\/","url":"https:\/\/phoenixfrancecompetition.fr\/poitiers\/actualites\/","name":"Poitiers - Actualit\u00e9s","isPartOf":{"@id":"https:\/\/phoenixfrancecompetition.fr\/poitiers\/#website"},"primaryImageOfPage":{"@id":"https:\/\/phoenixfrancecompetition.fr\/poitiers\/actualites\/#primaryimage"},"image":{"@id":"https:\/\/phoenixfrancecompetition.fr\/poitiers\/actualites\/#primaryimage"},"thumbnailUrl":"http:\/\/phoenixfrancecompetition.fr\/poitiers\/wp-content\/uploads\/sites\/25\/2025\/10\/AdobeStock_1280981839_Preview.jpeg","datePublished":"2025-10-17T00:20:54+00:00","dateModified":"2025-12-23T08:59:02+00:00","breadcrumb":{"@id":"https:\/\/phoenixfrancecompetition.fr\/poitiers\/actualites\/#breadcrumb"},"inLanguage":"fr-FR","potentialAction":[{"@type":"ReadAction","target":["https:\/\/phoenixfrancecompetition.fr\/poitiers\/actualites\/"]}]},{"@type":"ImageObject","inLanguage":"fr-FR","@id":"https:\/\/phoenixfrancecompetition.fr\/poitiers\/actualites\/#primaryimage","url":"http:\/\/phoenixfrancecompetition.fr\/poitiers\/wp-content\/uploads\/sites\/25\/2025\/10\/AdobeStock_1280981839_Preview.jpeg","contentUrl":"http:\/\/phoenixfrancecompetition.fr\/poitiers\/wp-content\/uploads\/sites\/25\/2025\/10\/AdobeStock_1280981839_Preview.jpeg"},{"@type":"BreadcrumbList","@id":"https:\/\/phoenixfrancecompetition.fr\/poitiers\/actualites\/#breadcrumb","itemListElement":[{"@type":"ListItem","position":1,"name":"Accueil","item":"https:\/\/phoenixfrancecompetition.fr\/poitiers\/"},{"@type":"ListItem","position":2,"name":"Actualit\u00e9s"}]},{"@type":"WebSite","@id":"https:\/\/phoenixfrancecompetition.fr\/poitiers\/#website","url":"https:\/\/phoenixfrancecompetition.fr\/poitiers\/","name":"Phoenix France Comp\u00e9tition","description":"","publisher":{"@id":"https:\/\/phoenixfrancecompetition.fr\/poitiers\/#organization"},"potentialAction":[{"@type":"SearchAction","target":{"@type":"EntryPoint","urlTemplate":"https:\/\/phoenixfrancecompetition.fr\/poitiers\/?s={search_term_string}"},"query-input":{"@type":"PropertyValueSpecification","valueRequired":true,"valueName":"search_term_string"}}],"inLanguage":"fr-FR"},{"@type":"Organization","@id":"https:\/\/phoenixfrancecompetition.fr\/poitiers\/#organization","name":"Phoenix France Comp\u00e9tition","url":"https:\/\/phoenixfrancecompetition.fr\/poitiers\/","logo":{"@type":"ImageObject","inLanguage":"fr-FR","@id":"https:\/\/phoenixfrancecompetition.fr\/poitiers\/#\/schema\/logo\/image\/","url":"https:\/\/phoenixfrancecompetition.fr\/poitiers\/wp-content\/uploads\/sites\/25\/2025\/10\/siteon0-d49a9.png","contentUrl":"https:\/\/phoenixfrancecompetition.fr\/poitiers\/wp-content\/uploads\/sites\/25\/2025\/10\/siteon0-d49a9.png","width":300,"height":48,"caption":"Phoenix France Comp\u00e9tition"},"image":{"@id":"https:\/\/phoenixfrancecompetition.fr\/poitiers\/#\/schema\/logo\/image\/"}}]}},"_links":{"self":[{"href":"https:\/\/phoenixfrancecompetition.fr\/poitiers\/wp-json\/wp\/v2\/pages\/14","targetHints":{"allow":["GET"]}}],"collection":[{"href":"https:\/\/phoenixfrancecompetition.fr\/poitiers\/wp-json\/wp\/v2\/pages"}],"about":[{"href":"https:\/\/phoenixfrancecompetition.fr\/poitiers\/wp-json\/wp\/v2\/types\/page"}],"author":[{"embeddable":true,"href":"https:\/\/phoenixfrancecompetition.fr\/poitiers\/wp-json\/wp\/v2\/users\/1"}],"replies":[{"embeddable":true,"href":"https:\/\/phoenixfrancecompetition.fr\/poitiers\/wp-json\/wp\/v2\/comments?post=14"}],"version-history":[{"count":16,"href":"https:\/\/phoenixfrancecompetition.fr\/poitiers\/wp-json\/wp\/v2\/pages\/14\/revisions"}],"predecessor-version":[{"id":430,"href":"https:\/\/phoenixfrancecompetition.fr\/poitiers\/wp-json\/wp\/v2\/pages\/14\/revisions\/430"}],"wp:attachment":[{"href":"https:\/\/phoenixfrancecompetition.fr\/poitiers\/wp-json\/wp\/v2\/media?parent=14"}],"curies":[{"name":"wp","href":"https:\/\/api.w.org\/{rel}","templated":true}]}}